{"id":3175,"date":"2021-11-24T11:31:35","date_gmt":"2021-11-24T10:31:35","guid":{"rendered":"https:\/\/homare.es\/index.php\/core\/"},"modified":"2023-05-11T11:51:21","modified_gmt":"2023-05-11T10:51:21","slug":"core","status":"publish","type":"page","link":"https:\/\/homare.es\/en\/core\/","title":{"rendered":"Core"},"content":{"rendered":"\t\t<div data-elementor-type=\"wp-page\" data-elementor-id=\"3175\" class=\"elementor elementor-3175 elementor-129\" data-elementor-post-type=\"page\">\n\t\t\t\t\t\t<section class=\"elementor-section elementor-top-section elementor-element elementor-element-1c9c9b2 elementor-section-boxed elementor-section-height-default elementor-section-height-default\" data-id=\"1c9c9b2\" data-element_type=\"section\" data-e-type=\"section\" data-settings=\"{&quot;background_background&quot;:&quot;classic&quot;}\">\n\t\t\t\t\t\t<div class=\"elementor-container elementor-column-gap-default\">\n\t\t\t\t\t<div class=\"elementor-column elementor-col-100 elementor-top-column elementor-element elementor-element-9978410\" data-id=\"9978410\" data-element_type=\"column\" data-e-type=\"column\">\n\t\t\t<div class=\"elementor-widget-wrap elementor-element-populated\">\n\t\t\t\t\t\t<div class=\"elementor-element elementor-element-ad75da5 elementor-widget elementor-widget-heading\" data-id=\"ad75da5\" data-element_type=\"widget\" data-e-type=\"widget\" data-widget_type=\"heading.default\">\n\t\t\t\t<div class=\"elementor-widget-container\">\n\t\t\t\t\t<h1 class=\"elementor-heading-title elementor-size-default\">Haute Mediterranean Living<\/h1>\t\t\t\t<\/div>\n\t\t\t\t<\/div>\n\t\t\t\t\t<\/div>\n\t\t<\/div>\n\t\t\t\t\t<\/div>\n\t\t<\/section>\n\t\t\t\t<section class=\"elementor-section elementor-top-section elementor-element elementor-element-63512ca elementor-section-full_width elementor-section-height-min-height elementor-section-height-default elementor-section-items-middle\" data-id=\"63512ca\" data-element_type=\"section\" data-e-type=\"section\" data-settings=\"{&quot;background_background&quot;:&quot;classic&quot;}\">\n\t\t\t\t\t\t<div class=\"elementor-container elementor-column-gap-default\">\n\t\t\t\t\t<div class=\"elementor-column elementor-col-100 elementor-top-column elementor-element elementor-element-e5a5e65\" data-id=\"e5a5e65\" data-element_type=\"column\" data-e-type=\"column\" id=\"cristina-zaragoza\">\n\t\t\t<div class=\"elementor-widget-wrap elementor-element-populated\">\n\t\t\t\t\t\t<div class=\"elementor-element elementor-element-77e21cc elementor-widget-divider--view-line elementor-widget elementor-widget-divider\" data-id=\"77e21cc\" data-element_type=\"widget\" data-e-type=\"widget\" data-widget_type=\"divider.default\">\n\t\t\t\t<div class=\"elementor-widget-container\">\n\t\t\t\t\t\t\t<div class=\"elementor-divider\">\n\t\t\t<span class=\"elementor-divider-separator\">\n\t\t\t\t\t\t<\/span>\n\t\t<\/div>\n\t\t\t\t\t\t<\/div>\n\t\t\t\t<\/div>\n\t\t\t\t<div class=\"elementor-element elementor-element-6681ae3 elementor-widget elementor-widget-heading\" data-id=\"6681ae3\" data-element_type=\"widget\" data-e-type=\"widget\" data-widget_type=\"heading.default\">\n\t\t\t\t<div class=\"elementor-widget-container\">\n\t\t\t\t\t<h2 class=\"elementor-heading-title elementor-size-default\">Cristina Zaragoza<\/h2>\t\t\t\t<\/div>\n\t\t\t\t<\/div>\n\t\t\t\t\t<\/div>\n\t\t<\/div>\n\t\t\t\t\t<\/div>\n\t\t<\/section>\n\t\t\t\t<section class=\"elementor-section elementor-top-section elementor-element elementor-element-6dc1ae1 elementor-section-boxed elementor-section-height-default elementor-section-height-default\" data-id=\"6dc1ae1\" data-element_type=\"section\" data-e-type=\"section\" data-settings=\"{&quot;background_background&quot;:&quot;classic&quot;}\">\n\t\t\t\t\t\t<div class=\"elementor-container elementor-column-gap-default\">\n\t\t\t\t\t<div class=\"elementor-column elementor-col-100 elementor-top-column elementor-element elementor-element-2417b5b\" data-id=\"2417b5b\" data-element_type=\"column\" data-e-type=\"column\" id=\"at-the-core-of-homare\">\n\t\t\t<div class=\"elementor-widget-wrap elementor-element-populated\">\n\t\t\t\t\t\t<section class=\"elementor-section elementor-inner-section elementor-element elementor-element-aaf7ffc elementor-section-boxed elementor-section-height-default elementor-section-height-default\" data-id=\"aaf7ffc\" data-element_type=\"section\" data-e-type=\"section\">\n\t\t\t\t\t\t<div class=\"elementor-container elementor-column-gap-default\">\n\t\t\t\t\t<div class=\"elementor-column elementor-col-100 elementor-inner-column elementor-element elementor-element-9820222\" data-id=\"9820222\" data-element_type=\"column\" data-e-type=\"column\">\n\t\t\t<div class=\"elementor-widget-wrap elementor-element-populated\">\n\t\t\t\t\t\t<div class=\"elementor-element elementor-element-437706e elementor-widget elementor-widget-heading\" data-id=\"437706e\" data-element_type=\"widget\" data-e-type=\"widget\" data-widget_type=\"heading.default\">\n\t\t\t\t<div class=\"elementor-widget-container\">\n\t\t\t\t\t<h2 class=\"elementor-heading-title elementor-size-default\">Haute Real Estate<\/h2>\t\t\t\t<\/div>\n\t\t\t\t<\/div>\n\t\t\t\t<div class=\"elementor-element elementor-element-1aba998 elementor-widget elementor-widget-text-editor\" data-id=\"1aba998\" data-element_type=\"widget\" data-e-type=\"widget\" data-widget_type=\"text-editor.default\">\n\t\t\t\t<div class=\"elementor-widget-container\">\n\t\t\t\t\t\t\t\t\t<p>Cristina Zaragoza. Alma y coraz\u00f3n.<\/p>\t\t\t\t\t\t\t\t<\/div>\n\t\t\t\t<\/div>\n\t\t\t\t\t<\/div>\n\t\t<\/div>\n\t\t\t\t\t<\/div>\n\t\t<\/section>\n\t\t\t\t\t<\/div>\n\t\t<\/div>\n\t\t\t\t\t<\/div>\n\t\t<\/section>\n\t\t\t\t<section class=\"elementor-section elementor-top-section elementor-element elementor-element-45ab523 elementor-section-boxed elementor-section-height-default elementor-section-height-default\" data-id=\"45ab523\" data-element_type=\"section\" data-e-type=\"section\" data-settings=\"{&quot;background_background&quot;:&quot;classic&quot;}\">\n\t\t\t\t\t\t<div class=\"elementor-container elementor-column-gap-default\">\n\t\t\t\t\t<div class=\"elementor-column elementor-col-100 elementor-top-column elementor-element elementor-element-9b2f778\" data-id=\"9b2f778\" data-element_type=\"column\" data-e-type=\"column\" id=\"a-life-full-of-adventure\">\n\t\t\t<div class=\"elementor-widget-wrap elementor-element-populated\">\n\t\t\t\t\t\t<div class=\"elementor-element elementor-element-ba57812 elementor-widget elementor-widget-heading\" data-id=\"ba57812\" data-element_type=\"widget\" data-e-type=\"widget\" data-widget_type=\"heading.default\">\n\t\t\t\t<div class=\"elementor-widget-container\">\n\t\t\t\t\t<h2 class=\"elementor-heading-title elementor-size-default\">Mediterranean Act<\/h2>\t\t\t\t<\/div>\n\t\t\t\t<\/div>\n\t\t\t\t<section class=\"elementor-section elementor-inner-section elementor-element elementor-element-4e8f632 elementor-section-full_width elementor-section-height-default elementor-section-height-default\" data-id=\"4e8f632\" data-element_type=\"section\" data-e-type=\"section\">\n\t\t\t\t\t\t<div class=\"elementor-container elementor-column-gap-custom\">\n\t\t\t\t\t<div class=\"elementor-column elementor-col-100 elementor-inner-column elementor-element elementor-element-83f432a\" data-id=\"83f432a\" data-element_type=\"column\" data-e-type=\"column\">\n\t\t\t<div class=\"elementor-widget-wrap elementor-element-populated\">\n\t\t\t\t\t\t<div class=\"elementor-element elementor-element-4847e3e elementor-widget elementor-widget-text-editor\" data-id=\"4847e3e\" data-element_type=\"widget\" data-e-type=\"widget\" id=\"adventure-text\" data-widget_type=\"text-editor.default\">\n\t\t\t\t<div class=\"elementor-widget-container\">\n\t\t\t\t\t\t\t\t\t<p class=\"p1\">El mediterr\u00e1neo es un concepto, un lugar en la mente. Sol, Mar, Gastronom\u00eda, estilo de vida.<\/p>\n<p class=\"p1\"><strong>Mi nombre es Cristina Zaragoza y he creado Homare cumpliendo un sue\u00f1o<\/strong>. El de unir la esencia y belleza del mediterr\u00e1neo con las mejores casas en las que vivir una vida so\u00f1ada. Por eso he creado el `Haute Mediterranean Living\u2019, una idea y forma de hacer, <strong>una firma de Real Estate<\/strong> donde poder conectar a amigos, clientes y \u2018partners\u2019. Donde la compra y venta de hogares \u00fanicos, el arte, los eventos, la arquitectura y el estilo de vida mediterr\u00e1neo cobran vida.<\/p>\n<p class=\"p1\">Homare es un bonita consecuencia tras una intensa carrera relacionada con la gesti\u00f3n comercial y participaci\u00f3n en proyectos internacionales en diferentes pa\u00edses como Portugal, Polonia, Rusia o Rep\u00fablica Dominicana con el Golden Bear Lodge.<\/p>\n<p class=\"p1\">Te acompa\u00f1o a conseguir la casa con la que sue\u00f1as. Nuestro producto es \u00fanico.<\/p>\n<p class=\"p1\">Creo en la marca, en el entorno, las relaciones y la comunidad. Creo en el arte, la arquitectura, la m\u00fasica, el deporte y la gastronom\u00eda como motor vital de las relaciones.<\/p>\n<p class=\"p1\">\u2018A tus atardeceres rojos se acostumbraron mis ojos. Como el recodo al camino\u2019.<\/p>\t\t\t\t\t\t\t\t<\/div>\n\t\t\t\t<\/div>\n\t\t\t\t\t<\/div>\n\t\t<\/div>\n\t\t\t\t\t<\/div>\n\t\t<\/section>\n\t\t\t\t\t<\/div>\n\t\t<\/div>\n\t\t\t\t\t<\/div>\n\t\t<\/section>\n\t\t\t\t<section class=\"elementor-section elementor-top-section elementor-element elementor-element-92a5d86 elementor-section-boxed elementor-section-height-default elementor-section-height-default\" data-id=\"92a5d86\" data-element_type=\"section\" data-e-type=\"section\" data-settings=\"{&quot;background_background&quot;:&quot;classic&quot;}\">\n\t\t\t\t\t\t<div class=\"elementor-container elementor-column-gap-default\">\n\t\t\t\t\t<div class=\"elementor-column elementor-col-100 elementor-top-column elementor-element elementor-element-b942c06\" data-id=\"b942c06\" data-element_type=\"column\" data-e-type=\"column\" id=\"get-in-touch-core\">\n\t\t\t<div class=\"elementor-widget-wrap elementor-element-populated\">\n\t\t\t\t\t\t<div class=\"elementor-element elementor-element-55672ec elementor-widget-divider--view-line elementor-widget elementor-widget-divider\" data-id=\"55672ec\" data-element_type=\"widget\" data-e-type=\"widget\" data-widget_type=\"divider.default\">\n\t\t\t\t<div class=\"elementor-widget-container\">\n\t\t\t\t\t\t\t<div class=\"elementor-divider\">\n\t\t\t<span class=\"elementor-divider-separator\">\n\t\t\t\t\t\t<\/span>\n\t\t<\/div>\n\t\t\t\t\t\t<\/div>\n\t\t\t\t<\/div>\n\t\t\t\t<div class=\"elementor-element elementor-element-ffa8345 elementor-widget elementor-widget-heading\" data-id=\"ffa8345\" data-element_type=\"widget\" data-e-type=\"widget\" data-widget_type=\"heading.default\">\n\t\t\t\t<div class=\"elementor-widget-container\">\n\t\t\t\t\t<h2 class=\"elementor-heading-title elementor-size-default\">Contacta:<\/h2>\t\t\t\t<\/div>\n\t\t\t\t<\/div>\n\t\t\t\t<div class=\"elementor-element elementor-element-7766c36 elementor-widget elementor-widget-text-editor\" data-id=\"7766c36\" data-element_type=\"widget\" data-e-type=\"widget\" id=\"cristina-email\" data-widget_type=\"text-editor.default\">\n\t\t\t\t<div class=\"elementor-widget-container\">\n\t\t\t\t\t\t\t\t\t<p><a href=\"mailto:cristina@homare.es\">cristina@homare.es<\/a><\/p><p><a href=\"tel:+34676111154\">+34 <span style=\"color: #333333;\">644 732 843<\/span><\/a><\/p>\t\t\t\t\t\t\t\t<\/div>\n\t\t\t\t<\/div>\n\t\t\t\t<div class=\"elementor-element elementor-element-dac9127 e-grid-align-left elementor-shape-rounded elementor-grid-0 elementor-widget elementor-widget-social-icons\" data-id=\"dac9127\" data-element_type=\"widget\" data-e-type=\"widget\" data-widget_type=\"social-icons.default\">\n\t\t\t\t<div class=\"elementor-widget-container\">\n\t\t\t\t\t\t\t<div class=\"elementor-social-icons-wrapper elementor-grid\" role=\"list\">\n\t\t\t\t\t\t\t<span class=\"elementor-grid-item\" role=\"listitem\">\n\t\t\t\t\t<a class=\"elementor-icon elementor-social-icon elementor-social-icon- elementor-repeater-item-b354146\" href=\"https:\/\/www.instagram.com\/homare_spain\/\" target=\"_blank\">\n\t\t\t\t\t\t<span class=\"elementor-screen-only\"><\/span>\n\t\t\t\t\t\t<svg xmlns=\"http:\/\/www.w3.org\/2000\/svg\" xmlns:xlink=\"http:\/\/www.w3.org\/1999\/xlink\" id=\"Layer_1\" x=\"0px\" y=\"0px\" viewBox=\"0 0 25 25\" style=\"enable-background:new 0 0 25 25;\" xml:space=\"preserve\"><style type=\"text\/css\">\t.st0{fill:#2E2A25;}<\/style><g>\t<path class=\"st0\" d=\"M17.21,0.23H7.79c-4.17,0-7.56,3.38-7.56,7.56v9.41c0,4.17,3.38,7.56,7.56,7.56h9.41   c4.17,0,7.56-3.38,7.56-7.56V7.79C24.77,3.62,21.38,0.23,17.21,0.23z M22.41,16.3c0,3.37-2.74,6.11-6.11,6.11H8.7   c-3.37,0-6.11-2.73-6.11-6.11V8.7c0-3.37,2.73-6.11,6.11-6.11h7.61c3.37,0,6.11,2.74,6.11,6.11V16.3z\"><\/path>\t<path class=\"st0\" d=\"M12.83,6.08c-3.57,0-6.46,2.89-6.46,6.46c0,3.57,2.89,6.46,6.46,6.46c3.57,0,6.46-2.89,6.46-6.46   C19.29,8.97,16.4,6.08,12.83,6.08z M12.83,16.43c-2.15,0-3.89-1.74-3.89-3.89c0-2.15,1.74-3.89,3.89-3.89   c2.15,0,3.89,1.74,3.89,3.89C16.72,14.69,14.98,16.43,12.83,16.43z\"><\/path>\t<path class=\"st0\" d=\"M20.49,5.98c0,0.91-0.74,1.64-1.64,1.64c-0.91,0-1.64-0.74-1.64-1.64c0-0.91,0.74-1.64,1.64-1.64   C19.75,4.34,20.49,5.07,20.49,5.98z\"><\/path><\/g><\/svg>\t\t\t\t\t<\/a>\n\t\t\t\t<\/span>\n\t\t\t\t\t\t\t<span class=\"elementor-grid-item\" role=\"listitem\">\n\t\t\t\t\t<a class=\"elementor-icon elementor-social-icon elementor-social-icon- elementor-repeater-item-97e1543\" href=\"https:\/\/www.linkedin.com\/in\/cristina-zaragoza-just-4092b33a\/\" target=\"_blank\">\n\t\t\t\t\t\t<span class=\"elementor-screen-only\"><\/span>\n\t\t\t\t\t\t<svg xmlns=\"http:\/\/www.w3.org\/2000\/svg\" xmlns:xlink=\"http:\/\/www.w3.org\/1999\/xlink\" id=\"Layer_1\" x=\"0px\" y=\"0px\" viewBox=\"0 0 25 25\" style=\"enable-background:new 0 0 25 25;\" xml:space=\"preserve\"><style type=\"text\/css\">\t.st0{fill:#2E2A25;}<\/style><g>\t<path class=\"st0\" d=\"M0.39,8.3h5.19V25H0.39V8.3z M2.99,0c1.66,0,3.01,1.35,3.01,3.01c0,1.66-1.35,3.01-3.01,3.01   c-1.66,0-3.01-1.35-3.01-3.01C-0.02,1.35,1.32,0,2.99,0\"><\/path>\t<path class=\"st0\" d=\"M8.84,8.3h4.98v2.28h0.07c0.69-1.31,2.39-2.7,4.91-2.7c5.26,0,6.23,3.46,6.23,7.95V25h-5.19v-8.12   c0-1.94-0.03-4.43-2.7-4.43c-2.7,0-3.11,2.11-3.11,4.29V25H8.84V8.3z\"><\/path><\/g><\/svg>\t\t\t\t\t<\/a>\n\t\t\t\t<\/span>\n\t\t\t\t\t<\/div>\n\t\t\t\t\t\t<\/div>\n\t\t\t\t<\/div>\n\t\t\t\t\t<\/div>\n\t\t<\/div>\n\t\t\t\t\t<\/div>\n\t\t<\/section>\n\t\t\t\t<section class=\"elementor-section elementor-top-section elementor-element elementor-element-836cc8a elementor-section-boxed elementor-section-height-default elementor-section-height-default\" data-id=\"836cc8a\" data-element_type=\"section\" data-e-type=\"section\" data-settings=\"{&quot;background_background&quot;:&quot;classic&quot;}\">\n\t\t\t\t\t\t<div class=\"elementor-container elementor-column-gap-default\">\n\t\t\t\t\t<div class=\"elementor-column elementor-col-100 elementor-top-column elementor-element elementor-element-130e3a2\" data-id=\"130e3a2\" data-element_type=\"column\" data-e-type=\"column\" id=\"home-stories-core\">\n\t\t\t<div class=\"elementor-widget-wrap elementor-element-populated\">\n\t\t\t\t\t\t<div class=\"elementor-element elementor-element-a868f02 elementor-widget-divider--view-line elementor-widget elementor-widget-divider\" data-id=\"a868f02\" data-element_type=\"widget\" data-e-type=\"widget\" data-widget_type=\"divider.default\">\n\t\t\t\t<div class=\"elementor-widget-container\">\n\t\t\t\t\t\t\t<div class=\"elementor-divider\">\n\t\t\t<span class=\"elementor-divider-separator\">\n\t\t\t\t\t\t<\/span>\n\t\t<\/div>\n\t\t\t\t\t\t<\/div>\n\t\t\t\t<\/div>\n\t\t\t\t<div class=\"elementor-element elementor-element-f30d8f8 elementor-widget elementor-widget-image\" data-id=\"f30d8f8\" data-element_type=\"widget\" data-e-type=\"widget\" data-widget_type=\"image.default\">\n\t\t\t\t<div class=\"elementor-widget-container\">\n\t\t\t\t\t\t\t\t\t\t\t\t\t\t\t\t<a href=\"https:\/\/home-stories.es\/\">\n\t\t\t\t\t\t\t<img decoding=\"async\" src=\"https:\/\/homare.es\/wp-content\/uploads\/elementor\/thumbs\/Home-stories-pgtoa5kofow8ijaa938mse6zzzf9ejbmgzbmke5ecc.png\" title=\"Home stories\" alt=\"Home stories\" loading=\"lazy\" \/>\t\t\t\t\t\t\t\t<\/a>\n\t\t\t\t\t\t\t\t\t\t\t\t\t\t\t<\/div>\n\t\t\t\t<\/div>\n\t\t\t\t<div class=\"elementor-element elementor-element-bc815fe elementor-widget elementor-widget-text-editor\" data-id=\"bc815fe\" data-element_type=\"widget\" data-e-type=\"widget\" data-widget_type=\"text-editor.default\">\n\t\t\t\t<div class=\"elementor-widget-container\">\n\t\t\t\t\t\t\t\t\t<p>Nuestro fiel compa\u00f1ero.<\/p>\t\t\t\t\t\t\t\t<\/div>\n\t\t\t\t<\/div>\n\t\t\t\t<div class=\"elementor-element elementor-element-8757d14 elementor-widget elementor-widget-text-editor\" data-id=\"8757d14\" data-element_type=\"widget\" data-e-type=\"widget\" id=\"max-width-500\" data-widget_type=\"text-editor.default\">\n\t\t\t\t<div class=\"elementor-widget-container\">\n\t\t\t\t\t\t\t\t\t<p class=\"fs28\">Homare y Home Stories unen sus fuerzas para ofrecerte algo mejor. Una firma diferente que te acompa\u00f1a en tu nueva etapa. Porque un nuevo hogar representa un cambio de etapa en la vida de las personas, una nueva historia, al fin y al cabo. Estaremos a tu lado.<\/p>\t\t\t\t\t\t\t\t<\/div>\n\t\t\t\t<\/div>\n\t\t\t\t\t<\/div>\n\t\t<\/div>\n\t\t\t\t\t<\/div>\n\t\t<\/section>\n\t\t\t\t<\/div>\n\t\t","protected":false},"excerpt":{"rendered":"<p>Haute Mediterranean Living Cristina Zaragoza Haute Real Estate Cristina Zaragoza. Alma y coraz\u00f3n. Mediterranean Act El mediterr\u00e1neo es un concepto, un lugar en la mente. Sol, Mar, Gastronom\u00eda, estilo de vida. Mi nombre es Cristina Zaragoza y he creado Homare cumpliendo un sue\u00f1o. El de unir la esencia y belleza del mediterr\u00e1neo con las mejores [&hellip;]<\/p>\n","protected":false},"author":1,"featured_media":0,"parent":0,"menu_order":0,"comment_status":"closed","ping_status":"closed","template":"","meta":{"footnotes":""},"class_list":["post-3175","page","type-page","status-publish","hentry"],"acf":[],"_links":{"self":[{"href":"https:\/\/homare.es\/en\/wp-json\/wp\/v2\/pages\/3175","targetHints":{"allow":["GET"]}}],"collection":[{"href":"https:\/\/homare.es\/en\/wp-json\/wp\/v2\/pages"}],"about":[{"href":"https:\/\/homare.es\/en\/wp-json\/wp\/v2\/types\/page"}],"author":[{"embeddable":true,"href":"https:\/\/homare.es\/en\/wp-json\/wp\/v2\/users\/1"}],"replies":[{"embeddable":true,"href":"https:\/\/homare.es\/en\/wp-json\/wp\/v2\/comments?post=3175"}],"version-history":[{"count":21,"href":"https:\/\/homare.es\/en\/wp-json\/wp\/v2\/pages\/3175\/revisions"}],"predecessor-version":[{"id":7824,"href":"https:\/\/homare.es\/en\/wp-json\/wp\/v2\/pages\/3175\/revisions\/7824"}],"wp:attachment":[{"href":"https:\/\/homare.es\/en\/wp-json\/wp\/v2\/media?parent=3175"}],"curies":[{"name":"wp","href":"https:\/\/api.w.org\/{rel}","templated":true}]}}